{"id":285,"date":"2023-08-02T06:47:43","date_gmt":"2023-08-02T06:47:43","guid":{"rendered":"https:\/\/xn--glckimgarten-elb.at\/?page_id=285"},"modified":"2024-04-01T07:57:28","modified_gmt":"2024-04-01T07:57:28","slug":"impressum-unternehmensgegenstand-und-gewerbe","status":"publish","type":"page","link":"https:\/\/xn--glckimgarten-elb.at\/?page_id=285","title":{"rendered":"Impressum"},"content":{"rendered":"\t\t<div data-elementor-type=\"wp-page\" data-elementor-id=\"285\" class=\"elementor elementor-285\">\n\t\t\t\t\t\t<section class=\"elementor-section elementor-top-section elementor-element elementor-element-ead2143 elementor-section-boxed elementor-section-height-default elementor-section-height-default\" data-id=\"ead2143\" data-element_type=\"section\" data-e-type=\"section\">\n\t\t\t\t\t\t<div class=\"elementor-container elementor-column-gap-default\">\n\t\t\t\t\t<div class=\"elementor-column elementor-col-100 elementor-top-column elementor-element elementor-element-e0c0a1a\" data-id=\"e0c0a1a\" data-element_type=\"column\" data-e-type=\"column\">\n\t\t\t<div class=\"elementor-widget-wrap elementor-element-populated\">\n\t\t\t\t\t\t<div class=\"elementor-element elementor-element-25f8181 elementor-widget__width-initial elementor-widget elementor-widget-text-editor\" data-id=\"25f8181\" data-element_type=\"widget\" data-e-type=\"widget\" data-widget_type=\"text-editor.default\">\n\t\t\t\t<div class=\"elementor-widget-container\">\n\t\t\t\t\t\t\t\t\t<div>\n<div>\n<p>Medieninhaber und Herausgeber<\/p>\n<p>Jakob Trimmel<\/p>\n<p>Geiseldorf 3<\/p>\n<p>A-8274 Buch<\/p>\n<p>0676\/5480091<\/p>\n<p>info@gl\u00fcckimgarten.at<\/p>\n<p>www.gl\u00fcckimgarten.at<\/p>\n<p>UID: ATU 79397001<\/p>\n<p>Grundlegende Richtung der Website<br>Die Website www.gl\u00fcckimgarten.at beinhaltet Informationen zu den Dienstleistungen von Jakob Trimmel.<\/p>\n<p>Unternehmensgegenstand<br>Gewerbe:&nbsp;Hausbetreuung, bestehend in der Durchf\u00fchrung einfacher Reinigungst\u00e4tigkeiten einschlie\u00dflich objektbezogener einfacher Wartungst\u00e4tigkeiten.<\/p>\n<p><\/p>\n<\/div>\n<\/div>\t\t\t\t\t\t\t\t<\/div>\n\t\t\t\t<\/div>\n\t\t\t\t\t<\/div>\n\t\t<\/div>\n\t\t\t\t\t<\/div>\n\t\t<\/section>\n\t\t\t\t<\/div>\n\t\t","protected":false},"excerpt":{"rendered":"<p>Medieninhaber und Herausgeber Jakob Trimmel Geiseldorf 3 A-8274 Buch 0676\/5480091 info@gl\u00fcckimgarten.at www.gl\u00fcckimgarten.at UID: ATU 79397001 Grundlegende Richtung der WebsiteDie Website www.gl\u00fcckimgarten.at beinhaltet Informationen zu den Dienstleistungen von Jakob Trimmel. UnternehmensgegenstandGewerbe:&nbsp;Hausbetreuung, bestehend in der Durchf\u00fchrung einfacher Reinigungst\u00e4tigkeiten einschlie\u00dflich objektbezogener einfacher Wartungst\u00e4tigkeiten.<\/p>\n","protected":false},"author":1,"featured_media":0,"parent":0,"menu_order":0,"comment_status":"closed","ping_status":"closed","template":"","meta":{"om_disable_all_campaigns":false,"footnotes":""},"class_list":["post-285","page","type-page","status-publish","hentry"],"yoast_head":"<!-- This site is optimized with the Yoast SEO plugin v27.4 - https:\/\/yoast.com\/product\/yoast-seo-wordpress\/ -->\n<title>Impressum -<\/title>\n<meta name=\"description\" content=\"Impressum:-Unternehmensgegenstand-und-Gewerbe von Jakob Trimmel, Gl\u00fcck im Garten.\" \/>\n<meta name=\"robots\" content=\"index, follow, max-snippet:-1, max-image-preview:large, max-video-preview:-1\" \/>\n<link rel=\"canonical\" href=\"https:\/\/xn--glckimgarten-elb.at\/?page_id=285\" \/>\n<meta property=\"og:locale\" content=\"de_DE\" \/>\n<meta property=\"og:type\" content=\"article\" \/>\n<meta property=\"og:title\" content=\"Impressum -\" \/>\n<meta property=\"og:description\" content=\"Impressum:-Unternehmensgegenstand-und-Gewerbe von Jakob Trimmel, Gl\u00fcck im Garten.\" \/>\n<meta property=\"og:url\" content=\"https:\/\/xn--glckimgarten-elb.at\/?page_id=285\" \/>\n<meta property=\"article:modified_time\" content=\"2024-04-01T07:57:28+00:00\" \/>\n<meta name=\"twitter:card\" content=\"summary_large_image\" \/>\n<meta name=\"twitter:label1\" content=\"Gesch\u00e4tzte Lesezeit\" \/>\n\t<meta name=\"twitter:data1\" content=\"1\u00a0Minute\" \/>\n<script type=\"application\/ld+json\" class=\"yoast-schema-graph\">{\"@context\":\"https:\\\/\\\/schema.org\",\"@graph\":[{\"@type\":\"WebPage\",\"@id\":\"https:\\\/\\\/xn--glckimgarten-elb.at\\\/?page_id=285\",\"url\":\"https:\\\/\\\/xn--glckimgarten-elb.at\\\/?page_id=285\",\"name\":\"Impressum -\",\"isPartOf\":{\"@id\":\"https:\\\/\\\/xn--glckimgarten-elb.at\\\/#website\"},\"datePublished\":\"2023-08-02T06:47:43+00:00\",\"dateModified\":\"2024-04-01T07:57:28+00:00\",\"description\":\"Impressum:-Unternehmensgegenstand-und-Gewerbe von Jakob Trimmel, Gl\u00fcck im Garten.\",\"breadcrumb\":{\"@id\":\"https:\\\/\\\/xn--glckimgarten-elb.at\\\/?page_id=285#breadcrumb\"},\"inLanguage\":\"de\",\"potentialAction\":[{\"@type\":\"ReadAction\",\"target\":[\"https:\\\/\\\/xn--glckimgarten-elb.at\\\/?page_id=285\"]}]},{\"@type\":\"BreadcrumbList\",\"@id\":\"https:\\\/\\\/xn--glckimgarten-elb.at\\\/?page_id=285#breadcrumb\",\"itemListElement\":[{\"@type\":\"ListItem\",\"position\":1,\"name\":\"Startseite\",\"item\":\"https:\\\/\\\/xn--glckimgarten-elb.at\\\/\"},{\"@type\":\"ListItem\",\"position\":2,\"name\":\"Impressum\"}]},{\"@type\":\"WebSite\",\"@id\":\"https:\\\/\\\/xn--glckimgarten-elb.at\\\/#website\",\"url\":\"https:\\\/\\\/xn--glckimgarten-elb.at\\\/\",\"name\":\"Gl\u00fcck im Garten\",\"description\":\"\",\"publisher\":{\"@id\":\"https:\\\/\\\/xn--glckimgarten-elb.at\\\/#organization\"},\"potentialAction\":[{\"@type\":\"SearchAction\",\"target\":{\"@type\":\"EntryPoint\",\"urlTemplate\":\"https:\\\/\\\/xn--glckimgarten-elb.at\\\/?s={search_term_string}\"},\"query-input\":{\"@type\":\"PropertyValueSpecification\",\"valueRequired\":true,\"valueName\":\"search_term_string\"}}],\"inLanguage\":\"de\"},{\"@type\":\"Organization\",\"@id\":\"https:\\\/\\\/xn--glckimgarten-elb.at\\\/#organization\",\"name\":\"Jakob Trimmel, Gl\u00fcck im Garten\",\"url\":\"https:\\\/\\\/xn--glckimgarten-elb.at\\\/\",\"logo\":{\"@type\":\"ImageObject\",\"inLanguage\":\"de\",\"@id\":\"https:\\\/\\\/xn--glckimgarten-elb.at\\\/#\\\/schema\\\/logo\\\/image\\\/\",\"url\":\"https:\\\/\\\/xn--glckimgarten-elb.at\\\/wp-content\\\/uploads\\\/2023\\\/08\\\/cropped-logo512.png\",\"contentUrl\":\"https:\\\/\\\/xn--glckimgarten-elb.at\\\/wp-content\\\/uploads\\\/2023\\\/08\\\/cropped-logo512.png\",\"width\":512,\"height\":512,\"caption\":\"Jakob Trimmel, Gl\u00fcck im Garten\"},\"image\":{\"@id\":\"https:\\\/\\\/xn--glckimgarten-elb.at\\\/#\\\/schema\\\/logo\\\/image\\\/\"}}]}<\/script>\n<!-- \/ Yoast SEO plugin. -->","yoast_head_json":{"title":"Impressum -","description":"Impressum:-Unternehmensgegenstand-und-Gewerbe von Jakob Trimmel, Gl\u00fcck im Garten.","robots":{"index":"index","follow":"follow","max-snippet":"max-snippet:-1","max-image-preview":"max-image-preview:large","max-video-preview":"max-video-preview:-1"},"canonical":"https:\/\/xn--glckimgarten-elb.at\/?page_id=285","og_locale":"de_DE","og_type":"article","og_title":"Impressum -","og_description":"Impressum:-Unternehmensgegenstand-und-Gewerbe von Jakob Trimmel, Gl\u00fcck im Garten.","og_url":"https:\/\/xn--glckimgarten-elb.at\/?page_id=285","article_modified_time":"2024-04-01T07:57:28+00:00","twitter_card":"summary_large_image","twitter_misc":{"Gesch\u00e4tzte Lesezeit":"1\u00a0Minute"},"schema":{"@context":"https:\/\/schema.org","@graph":[{"@type":"WebPage","@id":"https:\/\/xn--glckimgarten-elb.at\/?page_id=285","url":"https:\/\/xn--glckimgarten-elb.at\/?page_id=285","name":"Impressum -","isPartOf":{"@id":"https:\/\/xn--glckimgarten-elb.at\/#website"},"datePublished":"2023-08-02T06:47:43+00:00","dateModified":"2024-04-01T07:57:28+00:00","description":"Impressum:-Unternehmensgegenstand-und-Gewerbe von Jakob Trimmel, Gl\u00fcck im Garten.","breadcrumb":{"@id":"https:\/\/xn--glckimgarten-elb.at\/?page_id=285#breadcrumb"},"inLanguage":"de","potentialAction":[{"@type":"ReadAction","target":["https:\/\/xn--glckimgarten-elb.at\/?page_id=285"]}]},{"@type":"BreadcrumbList","@id":"https:\/\/xn--glckimgarten-elb.at\/?page_id=285#breadcrumb","itemListElement":[{"@type":"ListItem","position":1,"name":"Startseite","item":"https:\/\/xn--glckimgarten-elb.at\/"},{"@type":"ListItem","position":2,"name":"Impressum"}]},{"@type":"WebSite","@id":"https:\/\/xn--glckimgarten-elb.at\/#website","url":"https:\/\/xn--glckimgarten-elb.at\/","name":"Gl\u00fcck im Garten","description":"","publisher":{"@id":"https:\/\/xn--glckimgarten-elb.at\/#organization"},"potentialAction":[{"@type":"SearchAction","target":{"@type":"EntryPoint","urlTemplate":"https:\/\/xn--glckimgarten-elb.at\/?s={search_term_string}"},"query-input":{"@type":"PropertyValueSpecification","valueRequired":true,"valueName":"search_term_string"}}],"inLanguage":"de"},{"@type":"Organization","@id":"https:\/\/xn--glckimgarten-elb.at\/#organization","name":"Jakob Trimmel, Gl\u00fcck im Garten","url":"https:\/\/xn--glckimgarten-elb.at\/","logo":{"@type":"ImageObject","inLanguage":"de","@id":"https:\/\/xn--glckimgarten-elb.at\/#\/schema\/logo\/image\/","url":"https:\/\/xn--glckimgarten-elb.at\/wp-content\/uploads\/2023\/08\/cropped-logo512.png","contentUrl":"https:\/\/xn--glckimgarten-elb.at\/wp-content\/uploads\/2023\/08\/cropped-logo512.png","width":512,"height":512,"caption":"Jakob Trimmel, Gl\u00fcck im Garten"},"image":{"@id":"https:\/\/xn--glckimgarten-elb.at\/#\/schema\/logo\/image\/"}}]}},"_links":{"self":[{"href":"https:\/\/xn--glckimgarten-elb.at\/index.php?rest_route=\/wp\/v2\/pages\/285","targetHints":{"allow":["GET"]}}],"collection":[{"href":"https:\/\/xn--glckimgarten-elb.at\/index.php?rest_route=\/wp\/v2\/pages"}],"about":[{"href":"https:\/\/xn--glckimgarten-elb.at\/index.php?rest_route=\/wp\/v2\/types\/page"}],"author":[{"embeddable":true,"href":"https:\/\/xn--glckimgarten-elb.at\/index.php?rest_route=\/wp\/v2\/users\/1"}],"replies":[{"embeddable":true,"href":"https:\/\/xn--glckimgarten-elb.at\/index.php?rest_route=%2Fwp%2Fv2%2Fcomments&post=285"}],"version-history":[{"count":18,"href":"https:\/\/xn--glckimgarten-elb.at\/index.php?rest_route=\/wp\/v2\/pages\/285\/revisions"}],"predecessor-version":[{"id":438,"href":"https:\/\/xn--glckimgarten-elb.at\/index.php?rest_route=\/wp\/v2\/pages\/285\/revisions\/438"}],"wp:attachment":[{"href":"https:\/\/xn--glckimgarten-elb.at\/index.php?rest_route=%2Fwp%2Fv2%2Fmedia&parent=285"}],"curies":[{"name":"wp","href":"https:\/\/api.w.org\/{rel}","templated":true}]}}