{"id":297,"date":"2023-08-02T06:57:31","date_gmt":"2023-08-02T06:57:31","guid":{"rendered":"https:\/\/xn--glckimgarten-elb.at\/?page_id=297"},"modified":"2023-08-03T06:46:12","modified_gmt":"2023-08-03T06:46:12","slug":"datenschutz-grundverordnung","status":"publish","type":"page","link":"https:\/\/xn--glckimgarten-elb.at\/?page_id=297","title":{"rendered":"Datenschutz Grundverordnung"},"content":{"rendered":"\t\t<div data-elementor-type=\"wp-page\" data-elementor-id=\"297\" class=\"elementor elementor-297\">\n\t\t\t\t\t\t<section class=\"elementor-section elementor-top-section elementor-element elementor-element-a2bd99b elementor-section-boxed elementor-section-height-default elementor-section-height-default\" data-id=\"a2bd99b\" data-element_type=\"section\" data-e-type=\"section\">\n\t\t\t\t\t\t<div class=\"elementor-container elementor-column-gap-default\">\n\t\t\t\t\t<div class=\"elementor-column elementor-col-100 elementor-top-column elementor-element elementor-element-313bfd8\" data-id=\"313bfd8\" data-element_type=\"column\" data-e-type=\"column\">\n\t\t\t<div class=\"elementor-widget-wrap elementor-element-populated\">\n\t\t\t\t\t\t<div class=\"elementor-element elementor-element-0021b19 elementor-widget elementor-widget-text-editor\" data-id=\"0021b19\" data-element_type=\"widget\" data-e-type=\"widget\" data-widget_type=\"text-editor.default\">\n\t\t\t\t<div class=\"elementor-widget-container\">\n\t\t\t\t\t\t\t\t\t<div>\n<div>\n<div>&nbsp;Erkl\u00e4rung zur Informationspflicht<\/div><\/div><\/div><div><div><p>(Datenschutzerkl\u00e4rung)<br>Der Schutz Ihrer pers\u00f6nlichen Daten ist uns ein besonderes Anliegen. Wir verarbeiten Ihre Daten daher ausschlie\u00dflich auf Grundlage der gesetzlichen Bestimmungen (DSGVO, TKG 2003). In diesen Datenschutzinformationen informieren wir Sie \u00fcber die wichtigsten Aspekte der Datenverarbeitung im Rahmen unserer Website.<\/p>\n<p>Kontakt mit uns<br>Wenn Sie per Formular auf der Website oder per E-Mail Kontakt mit uns aufnehmen, werden Ihre angegebenen Daten zwecks Bearbeitung der Anfrage und f\u00fcr den Fall von Anschlussfragen sechs Monate bei uns gespeichert. Diese Daten geben wir nicht ohne Ihre Einwilligung weiter.<\/p>\n<p>Web-Analyse<br>Unsere Website verwendet Funktionen des Webanalysedienstes \u2026 [Name des Tools und Firma des Anbieters samt Unternehmenssitz einschlie\u00dflich Information, ob Daten an ein (au\u00dfereurop\u00e4isches) Drittland \u00fcbertragen werden]. Dazu werden Cookies verwendet, die eine Analyse der Benutzung der Website durch Ihre Benutzer erm\u00f6glicht. Die dadurch erzeugten Informationen werden auf den Server des Anbieters \u00fcbertragen und dort gespeichert.<br>Sie k\u00f6nnen dies verhindern, indem Sie Ihren Browser so einrichten, dass keine Cookies gespeichert werden.<br>Wir haben mit dem Anbieter einen entsprechenden Vertrag zur Auftragsdatenverarbeitung abgeschlossen.<\/p>\n<p>Ihre Rechte<br>Ihnen stehen grunds\u00e4tzlich die Rechte auf Auskunft, Berichtigung, L\u00f6schung, Einschr\u00e4nkung, Daten\u00fcbertragbarkeit, Widerruf und Widerspruch zu. Wenn Sie glauben, dass die Verarbeitung Ihrer Daten gegen das Datenschutzrecht verst\u00f6\u00dft oder Ihre datenschutzrechtlichen Anspr\u00fcche sonst in einer Weise verletzt worden sind, k\u00f6nnen Sie sich bei der Aufsichtsbeh\u00f6rde beschweren. In \u00d6sterreich ist dies die Datenschutzbeh\u00f6rde.<\/p>\n<p>Sie erreichen mich unter folgenden Kontaktdaten:<\/p><p><br>Jakob Trimmel<\/p>\n<p>Obere Dorfstrasse 6<\/p>\n<p>A-7411 Buchschachen<\/p>\n<p>0676\/5480091<\/p>\n<p>info@gl\u00fcckimgarten.at<\/p>\n<p><\/p>\n<div>\n<div>&nbsp;<\/div><\/div><\/div><\/div><div><div>\n<\/div>\n<\/div>\t\t\t\t\t\t\t\t<\/div>\n\t\t\t\t<\/div>\n\t\t\t\t\t<\/div>\n\t\t<\/div>\n\t\t\t\t\t<\/div>\n\t\t<\/section>\n\t\t\t\t<\/div>\n\t\t","protected":false},"excerpt":{"rendered":"<p>&nbsp;Erkl\u00e4rung zur Informationspflicht (Datenschutzerkl\u00e4rung) Der Schutz Ihrer pers\u00f6nlichen Daten ist uns ein besonderes Anliegen. Wir verarbeiten Ihre Daten daher ausschlie\u00dflich auf Grundlage der gesetzlichen Bestimmungen (DSGVO, TKG 2003). In diesen Datenschutzinformationen informieren wir Sie \u00fcber die wichtigsten Aspekte der Datenverarbeitung im Rahmen unserer Website. Kontakt mit uns Wenn Sie per Formular auf der Website oder per E-Mail Kontakt mit uns aufnehmen, werden Ihre angegebenen Daten zwecks Bearbeitung der Anfrage und f\u00fcr den Fall von Anschlussfragen sechs Monate bei uns gespeichert. Diese Daten geben wir nicht ohne Ihre Einwilligung weiter. Web-Analyse Unsere Website verwendet Funktionen des Webanalysedienstes \u2026 [Name des Tools und Firma des Anbieters samt Unternehmenssitz einschlie\u00dflich Information, ob Daten an ein (au\u00dfereurop\u00e4isches) Drittland \u00fcbertragen werden]. Dazu werden Cookies verwendet, die eine Analyse der Benutzung der Website durch Ihre Benutzer erm\u00f6glicht. Die dadurch erzeugten Informationen werden auf den Server des Anbieters \u00fcbertragen und dort gespeichert. Sie k\u00f6nnen dies verhindern, indem Sie Ihren Browser so einrichten, dass keine Cookies gespeichert werden. Wir haben mit dem Anbieter einen entsprechenden Vertrag zur Auftragsdatenverarbeitung abgeschlossen. Ihre Rechte Ihnen stehen grunds\u00e4tzlich die Rechte auf Auskunft, Berichtigung, L\u00f6schung, Einschr\u00e4nkung, Daten\u00fcbertragbarkeit, Widerruf und Widerspruch zu. Wenn Sie glauben, dass die Verarbeitung Ihrer Daten gegen das Datenschutzrecht verst\u00f6\u00dft oder Ihre datenschutzrechtlichen Anspr\u00fcche sonst in einer Weise verletzt worden sind, k\u00f6nnen Sie sich bei der Aufsichtsbeh\u00f6rde beschweren. In \u00d6sterreich ist dies die Datenschutzbeh\u00f6rde. Sie erreichen mich unter folgenden Kontaktdaten: Jakob Trimmel Obere Dorfstrasse 6 A-7411 Buchschachen 0676\/5480091 info@gl\u00fcckimgarten.at &nbsp;<\/p>\n","protected":false},"author":1,"featured_media":0,"parent":0,"menu_order":0,"comment_status":"closed","ping_status":"closed","template":"","meta":{"om_disable_all_campaigns":false,"footnotes":""},"class_list":["post-297","page","type-page","status-publish","hentry"],"yoast_head":"<!-- This site is optimized with the Yoast SEO plugin v27.4 - https:\/\/yoast.com\/product\/yoast-seo-wordpress\/ -->\n<title>Datenschutz Grundverordnung -<\/title>\n<meta name=\"description\" content=\"Erkl\u00e4rung zur Informationspflicht, Datenschutz und Kontaktm\u00f6glichkeiten\" \/>\n<meta name=\"robots\" content=\"index, follow, max-snippet:-1, max-image-preview:large, max-video-preview:-1\" \/>\n<link rel=\"canonical\" href=\"https:\/\/xn--glckimgarten-elb.at\/?page_id=297\" \/>\n<meta property=\"og:locale\" content=\"de_DE\" \/>\n<meta property=\"og:type\" content=\"article\" \/>\n<meta property=\"og:title\" content=\"Datenschutz Grundverordnung -\" \/>\n<meta property=\"og:description\" content=\"Erkl\u00e4rung zur Informationspflicht, Datenschutz und Kontaktm\u00f6glichkeiten\" \/>\n<meta property=\"og:url\" content=\"https:\/\/xn--glckimgarten-elb.at\/?page_id=297\" \/>\n<meta property=\"article:modified_time\" content=\"2023-08-03T06:46:12+00:00\" \/>\n<meta name=\"twitter:card\" content=\"summary_large_image\" \/>\n<meta name=\"twitter:label1\" content=\"Gesch\u00e4tzte Lesezeit\" \/>\n\t<meta name=\"twitter:data1\" content=\"2\u00a0Minuten\" \/>\n<script type=\"application\/ld+json\" class=\"yoast-schema-graph\">{\"@context\":\"https:\\\/\\\/schema.org\",\"@graph\":[{\"@type\":\"WebPage\",\"@id\":\"https:\\\/\\\/xn--glckimgarten-elb.at\\\/?page_id=297\",\"url\":\"https:\\\/\\\/xn--glckimgarten-elb.at\\\/?page_id=297\",\"name\":\"Datenschutz Grundverordnung -\",\"isPartOf\":{\"@id\":\"https:\\\/\\\/xn--glckimgarten-elb.at\\\/#website\"},\"datePublished\":\"2023-08-02T06:57:31+00:00\",\"dateModified\":\"2023-08-03T06:46:12+00:00\",\"description\":\"Erkl\u00e4rung zur Informationspflicht, Datenschutz und Kontaktm\u00f6glichkeiten\",\"breadcrumb\":{\"@id\":\"https:\\\/\\\/xn--glckimgarten-elb.at\\\/?page_id=297#breadcrumb\"},\"inLanguage\":\"de\",\"potentialAction\":[{\"@type\":\"ReadAction\",\"target\":[\"https:\\\/\\\/xn--glckimgarten-elb.at\\\/?page_id=297\"]}]},{\"@type\":\"BreadcrumbList\",\"@id\":\"https:\\\/\\\/xn--glckimgarten-elb.at\\\/?page_id=297#breadcrumb\",\"itemListElement\":[{\"@type\":\"ListItem\",\"position\":1,\"name\":\"Startseite\",\"item\":\"https:\\\/\\\/xn--glckimgarten-elb.at\\\/\"},{\"@type\":\"ListItem\",\"position\":2,\"name\":\"Datenschutz Grundverordnung\"}]},{\"@type\":\"WebSite\",\"@id\":\"https:\\\/\\\/xn--glckimgarten-elb.at\\\/#website\",\"url\":\"https:\\\/\\\/xn--glckimgarten-elb.at\\\/\",\"name\":\"Gl\u00fcck im Garten\",\"description\":\"\",\"publisher\":{\"@id\":\"https:\\\/\\\/xn--glckimgarten-elb.at\\\/#organization\"},\"potentialAction\":[{\"@type\":\"SearchAction\",\"target\":{\"@type\":\"EntryPoint\",\"urlTemplate\":\"https:\\\/\\\/xn--glckimgarten-elb.at\\\/?s={search_term_string}\"},\"query-input\":{\"@type\":\"PropertyValueSpecification\",\"valueRequired\":true,\"valueName\":\"search_term_string\"}}],\"inLanguage\":\"de\"},{\"@type\":\"Organization\",\"@id\":\"https:\\\/\\\/xn--glckimgarten-elb.at\\\/#organization\",\"name\":\"Jakob Trimmel, Gl\u00fcck im Garten\",\"url\":\"https:\\\/\\\/xn--glckimgarten-elb.at\\\/\",\"logo\":{\"@type\":\"ImageObject\",\"inLanguage\":\"de\",\"@id\":\"https:\\\/\\\/xn--glckimgarten-elb.at\\\/#\\\/schema\\\/logo\\\/image\\\/\",\"url\":\"https:\\\/\\\/xn--glckimgarten-elb.at\\\/wp-content\\\/uploads\\\/2023\\\/08\\\/cropped-logo512.png\",\"contentUrl\":\"https:\\\/\\\/xn--glckimgarten-elb.at\\\/wp-content\\\/uploads\\\/2023\\\/08\\\/cropped-logo512.png\",\"width\":512,\"height\":512,\"caption\":\"Jakob Trimmel, Gl\u00fcck im Garten\"},\"image\":{\"@id\":\"https:\\\/\\\/xn--glckimgarten-elb.at\\\/#\\\/schema\\\/logo\\\/image\\\/\"}}]}<\/script>\n<!-- \/ Yoast SEO plugin. -->","yoast_head_json":{"title":"Datenschutz Grundverordnung -","description":"Erkl\u00e4rung zur Informationspflicht, Datenschutz und Kontaktm\u00f6glichkeiten","robots":{"index":"index","follow":"follow","max-snippet":"max-snippet:-1","max-image-preview":"max-image-preview:large","max-video-preview":"max-video-preview:-1"},"canonical":"https:\/\/xn--glckimgarten-elb.at\/?page_id=297","og_locale":"de_DE","og_type":"article","og_title":"Datenschutz Grundverordnung -","og_description":"Erkl\u00e4rung zur Informationspflicht, Datenschutz und Kontaktm\u00f6glichkeiten","og_url":"https:\/\/xn--glckimgarten-elb.at\/?page_id=297","article_modified_time":"2023-08-03T06:46:12+00:00","twitter_card":"summary_large_image","twitter_misc":{"Gesch\u00e4tzte Lesezeit":"2\u00a0Minuten"},"schema":{"@context":"https:\/\/schema.org","@graph":[{"@type":"WebPage","@id":"https:\/\/xn--glckimgarten-elb.at\/?page_id=297","url":"https:\/\/xn--glckimgarten-elb.at\/?page_id=297","name":"Datenschutz Grundverordnung -","isPartOf":{"@id":"https:\/\/xn--glckimgarten-elb.at\/#website"},"datePublished":"2023-08-02T06:57:31+00:00","dateModified":"2023-08-03T06:46:12+00:00","description":"Erkl\u00e4rung zur Informationspflicht, Datenschutz und Kontaktm\u00f6glichkeiten","breadcrumb":{"@id":"https:\/\/xn--glckimgarten-elb.at\/?page_id=297#breadcrumb"},"inLanguage":"de","potentialAction":[{"@type":"ReadAction","target":["https:\/\/xn--glckimgarten-elb.at\/?page_id=297"]}]},{"@type":"BreadcrumbList","@id":"https:\/\/xn--glckimgarten-elb.at\/?page_id=297#breadcrumb","itemListElement":[{"@type":"ListItem","position":1,"name":"Startseite","item":"https:\/\/xn--glckimgarten-elb.at\/"},{"@type":"ListItem","position":2,"name":"Datenschutz Grundverordnung"}]},{"@type":"WebSite","@id":"https:\/\/xn--glckimgarten-elb.at\/#website","url":"https:\/\/xn--glckimgarten-elb.at\/","name":"Gl\u00fcck im Garten","description":"","publisher":{"@id":"https:\/\/xn--glckimgarten-elb.at\/#organization"},"potentialAction":[{"@type":"SearchAction","target":{"@type":"EntryPoint","urlTemplate":"https:\/\/xn--glckimgarten-elb.at\/?s={search_term_string}"},"query-input":{"@type":"PropertyValueSpecification","valueRequired":true,"valueName":"search_term_string"}}],"inLanguage":"de"},{"@type":"Organization","@id":"https:\/\/xn--glckimgarten-elb.at\/#organization","name":"Jakob Trimmel, Gl\u00fcck im Garten","url":"https:\/\/xn--glckimgarten-elb.at\/","logo":{"@type":"ImageObject","inLanguage":"de","@id":"https:\/\/xn--glckimgarten-elb.at\/#\/schema\/logo\/image\/","url":"https:\/\/xn--glckimgarten-elb.at\/wp-content\/uploads\/2023\/08\/cropped-logo512.png","contentUrl":"https:\/\/xn--glckimgarten-elb.at\/wp-content\/uploads\/2023\/08\/cropped-logo512.png","width":512,"height":512,"caption":"Jakob Trimmel, Gl\u00fcck im Garten"},"image":{"@id":"https:\/\/xn--glckimgarten-elb.at\/#\/schema\/logo\/image\/"}}]}},"_links":{"self":[{"href":"https:\/\/xn--glckimgarten-elb.at\/index.php?rest_route=\/wp\/v2\/pages\/297","targetHints":{"allow":["GET"]}}],"collection":[{"href":"https:\/\/xn--glckimgarten-elb.at\/index.php?rest_route=\/wp\/v2\/pages"}],"about":[{"href":"https:\/\/xn--glckimgarten-elb.at\/index.php?rest_route=\/wp\/v2\/types\/page"}],"author":[{"embeddable":true,"href":"https:\/\/xn--glckimgarten-elb.at\/index.php?rest_route=\/wp\/v2\/users\/1"}],"replies":[{"embeddable":true,"href":"https:\/\/xn--glckimgarten-elb.at\/index.php?rest_route=%2Fwp%2Fv2%2Fcomments&post=297"}],"version-history":[{"count":6,"href":"https:\/\/xn--glckimgarten-elb.at\/index.php?rest_route=\/wp\/v2\/pages\/297\/revisions"}],"predecessor-version":[{"id":570,"href":"https:\/\/xn--glckimgarten-elb.at\/index.php?rest_route=\/wp\/v2\/pages\/297\/revisions\/570"}],"wp:attachment":[{"href":"https:\/\/xn--glckimgarten-elb.at\/index.php?rest_route=%2Fwp%2Fv2%2Fmedia&parent=297"}],"curies":[{"name":"wp","href":"https:\/\/api.w.org\/{rel}","templated":true}]}}